{"id":20918,"date":"2024-07-18T23:41:36","date_gmt":"2024-07-18T23:41:36","guid":{"rendered":"https:\/\/k4-engineering.net\/?page_id=20918"},"modified":"2024-08-18T12:01:25","modified_gmt":"2024-08-18T12:01:25","slug":"mechanical-department","status":"publish","type":"page","link":"https:\/\/k4-engineering.net\/de\/mechanical-department\/","title":{"rendered":"Maschinenbau Abteilung"},"content":{"rendered":"<div data-elementor-type=\"wp-page\" data-elementor-id=\"20918\" class=\"elementor elementor-20918\">\n\t\t\t\t\t\t<section class=\"elementor-section elementor-top-section elementor-element elementor-element-4bbb391 elementor-section-full_width elementor-section-height-min-height elementor-section-height-default elementor-section-items-middle\" data-id=\"4bbb391\" data-element_type=\"section\" data-e-type=\"section\" data-settings=\"{&quot;background_background&quot;:&quot;classic&quot;}\">\n\t\t\t\t\t\t<div class=\"elementor-container elementor-column-gap-no\">\n\t\t\t\t\t<div class=\"elementor-column elementor-col-100 elementor-top-column elementor-element elementor-element-632ff0d\" data-id=\"632ff0d\" data-element_type=\"column\" data-e-type=\"column\">\n\t\t\t<div class=\"elementor-widget-wrap elementor-element-populated\">\n\t\t\t\t\t\t<section class=\"elementor-section elementor-inner-section elementor-element elementor-element-78456ea elementor-section-full_width elementor-section-height-default elementor-section-height-default\" data-id=\"78456ea\" data-element_type=\"section\" data-e-type=\"section\">\n\t\t\t\t\t\t<div class=\"elementor-container elementor-column-gap-no\">\n\t\t\t\t\t<div class=\"elementor-column elementor-col-100 elementor-inner-column elementor-element elementor-element-195f5e0\" data-id=\"195f5e0\" data-element_type=\"column\" data-e-type=\"column\">\n\t\t\t<div class=\"elementor-widget-wrap elementor-element-populated\">\n\t\t\t\t\t\t<div class=\"elementor-element elementor-element-33919ea elementor-widget__width-auto elementor-absolute elementor-hidden-tablet elementor-hidden-mobile elementor-invisible elementor-widget elementor-widget-image\" data-id=\"33919ea\" data-element_type=\"widget\" data-e-type=\"widget\" data-settings=\"{&quot;_position&quot;:&quot;absolute&quot;,&quot;_animation&quot;:&quot;fadeIn&quot;,&quot;_animation_delay&quot;:1000}\" data-widget_type=\"image.default\">\n\t\t\t\t<div class=\"elementor-widget-container\">\n\t\t\t\t\t\t\t\t\t\t\t\t\t\t\t<img decoding=\"async\" width=\"48\" height=\"123\" src=\"https:\/\/k4-engineering.net\/wp-content\/uploads\/2024\/07\/h-1-shape-01.png\" class=\"attachment-full size-full wp-image-20651\" alt=\"\" \/>\t\t\t\t\t\t\t\t\t\t\t\t\t\t\t<\/div>\n\t\t\t\t<\/div>\n\t\t\t\t\t<\/div>\n\t\t<\/div>\n\t\t\t\t\t<\/div>\n\t\t<\/section>\n\t\t\t\t<section class=\"elementor-section elementor-inner-section elementor-element elementor-element-d1dc87f elementor-section-content-middle elementor-section-boxed elementor-section-height-default elementor-section-height-default\" data-id=\"d1dc87f\" data-element_type=\"section\" data-e-type=\"section\">\n\t\t\t\t\t\t<div class=\"elementor-container elementor-column-gap-extended\">\n\t\t\t\t\t<div class=\"elementor-column elementor-col-50 elementor-inner-column elementor-element elementor-element-d86b247\" data-id=\"d86b247\" data-element_type=\"column\" data-e-type=\"column\">\n\t\t\t<div class=\"elementor-widget-wrap elementor-element-populated\">\n\t\t\t\t\t\t<div class=\"elementor-element elementor-element-09bec60 elementor-widget__width-auto elementor-absolute elementor-hidden-tablet elementor-hidden-mobile elementor-invisible elementor-widget elementor-widget-edublink-animation\" data-id=\"09bec60\" data-element_type=\"widget\" data-e-type=\"widget\" data-settings=\"{&quot;_position&quot;:&quot;absolute&quot;,&quot;_animation&quot;:&quot;fadeIn&quot;,&quot;_animation_delay&quot;:1000}\" data-widget_type=\"edublink-animation.default\">\n\t\t\t\t<div class=\"elementor-widget-container\">\n\t\t\t\t\t<div class=\"edublink-animation-widget edublink-animation-display-type-mouse-track edublink-animation-content-type-image edublink-mouse-track-item\"><span data-depth=\"2\"><img decoding=\"async\" src=\"https:\/\/k4-engineering.net\/wp-content\/uploads\/2024\/07\/shape-13-1.png\" alt=\"shape-13\"><\/span><\/div>\t\t\t\t<\/div>\n\t\t\t\t<\/div>\n\t\t\t\t<div class=\"elementor-element elementor-element-eca0ce5 edublink-br-tl-none elementor-widget__width-inherit elementor-invisible elementor-widget elementor-widget-heading\" data-id=\"eca0ce5\" data-element_type=\"widget\" data-e-type=\"widget\" data-settings=\"{&quot;_animation&quot;:&quot;edublink--slide-up&quot;,&quot;_animation_delay&quot;:100}\" data-widget_type=\"heading.default\">\n\t\t\t\t<div class=\"elementor-widget-container\">\n\t\t\t\t\t<h1 class=\"elementor-heading-title elementor-size-default\">Maschinenbau Abteilung<\/h1>\t\t\t\t<\/div>\n\t\t\t\t<\/div>\n\t\t\t\t\t<\/div>\n\t\t<\/div>\n\t\t\t\t<div class=\"elementor-column elementor-col-50 elementor-inner-column elementor-element elementor-element-75f7bf0\" data-id=\"75f7bf0\" data-element_type=\"column\" data-e-type=\"column\">\n\t\t\t<div class=\"elementor-widget-wrap elementor-element-populated\">\n\t\t\t\t\t\t<div class=\"elementor-element elementor-element-b43a9ac elementor-widget__width-auto elementor-absolute elementor-hidden-tablet elementor-hidden-mobile elementor-invisible elementor-widget elementor-widget-edublink-animation\" data-id=\"b43a9ac\" data-element_type=\"widget\" data-e-type=\"widget\" data-settings=\"{&quot;_position&quot;:&quot;absolute&quot;,&quot;_animation&quot;:&quot;fadeIn&quot;,&quot;_animation_delay&quot;:1000}\" data-widget_type=\"edublink-animation.default\">\n\t\t\t\t<div class=\"elementor-widget-container\">\n\t\t\t\t\t<div class=\"edublink-animation-widget edublink-animation-display-type-mouse-track edublink-animation-content-type-image edublink-mouse-track-item\"><span data-depth=\"-1.5\"><img decoding=\"async\" src=\"https:\/\/k4-engineering.net\/wp-content\/uploads\/2024\/07\/shape-13-1.png\" alt=\"shape-13\"><\/span><\/div>\t\t\t\t<\/div>\n\t\t\t\t<\/div>\n\t\t\t\t<div class=\"elementor-element elementor-element-e1ade64 elementor-widget__width-auto elementor-absolute elementor-hidden-tablet elementor-hidden-mobile elementor-invisible elementor-widget elementor-widget-edublink-animation\" data-id=\"e1ade64\" data-element_type=\"widget\" data-e-type=\"widget\" data-settings=\"{&quot;_position&quot;:&quot;absolute&quot;,&quot;_animation&quot;:&quot;fadeIn&quot;,&quot;_animation_delay&quot;:1000}\" data-widget_type=\"edublink-animation.default\">\n\t\t\t\t<div class=\"elementor-widget-container\">\n\t\t\t\t\t<div class=\"edublink-animation-widget edublink-animation-display-type-infinite-animation edublink-animation-content-type-image\"><img decoding=\"async\" src=\"https:\/\/k4-engineering.net\/wp-content\/uploads\/2024\/07\/shape-15.png\" alt=\"shape-15\"><\/div>\t\t\t\t<\/div>\n\t\t\t\t<\/div>\n\t\t\t\t<div class=\"elementor-element elementor-element-36c892c elementor-widget__width-auto elementor-absolute elementor-hidden-tablet elementor-hidden-mobile elementor-invisible elementor-widget elementor-widget-image\" data-id=\"36c892c\" data-element_type=\"widget\" data-e-type=\"widget\" data-settings=\"{&quot;_position&quot;:&quot;absolute&quot;,&quot;_animation&quot;:&quot;fadeIn&quot;,&quot;_animation_delay&quot;:1000}\" data-widget_type=\"image.default\">\n\t\t\t\t<div class=\"elementor-widget-container\">\n\t\t\t\t\t\t\t\t\t\t\t\t\t\t\t<img decoding=\"async\" width=\"159\" height=\"175\" src=\"https:\/\/k4-engineering.net\/wp-content\/uploads\/2024\/07\/shape-02-1.png\" class=\"attachment-full size-full wp-image-20648\" alt=\"\" \/>\t\t\t\t\t\t\t\t\t\t\t\t\t\t\t<\/div>\n\t\t\t\t<\/div>\n\t\t\t\t<div class=\"elementor-element elementor-element-b3f924c elementor-widget__width-auto elementor-absolute elementor-hidden-tablet elementor-hidden-mobile elementor-invisible elementor-widget elementor-widget-edublink-animation\" data-id=\"b3f924c\" data-element_type=\"widget\" data-e-type=\"widget\" data-settings=\"{&quot;_position&quot;:&quot;absolute&quot;,&quot;_animation&quot;:&quot;fadeIn&quot;,&quot;_animation_delay&quot;:1000}\" data-widget_type=\"edublink-animation.default\">\n\t\t\t\t<div class=\"elementor-widget-container\">\n\t\t\t\t\t<div class=\"edublink-animation-widget edublink-animation-display-type-mouse-track edublink-animation-content-type-image edublink-mouse-track-item\"><span data-depth=\"1.5\"><img decoding=\"async\" src=\"https:\/\/k4-engineering.net\/wp-content\/uploads\/2024\/07\/shape-13.png\" alt=\"shape-13\"><\/span><\/div>\t\t\t\t<\/div>\n\t\t\t\t<\/div>\n\t\t\t\t<div class=\"elementor-element elementor-element-47a7418 elementor-widget__width-auto elementor-absolute elementor-hidden-tablet elementor-hidden-mobile elementor-invisible elementor-widget elementor-widget-edublink-animation\" data-id=\"47a7418\" data-element_type=\"widget\" data-e-type=\"widget\" data-settings=\"{&quot;_position&quot;:&quot;absolute&quot;,&quot;_animation&quot;:&quot;fadeIn&quot;,&quot;_animation_delay&quot;:1000}\" data-widget_type=\"edublink-animation.default\">\n\t\t\t\t<div class=\"elementor-widget-container\">\n\t\t\t\t\t<div class=\"edublink-animation-widget edublink-animation-display-type-mouse-track edublink-animation-content-type-color edublink-mouse-track-item\"><span data-depth=\"3\"><span class=\"edublink-animation-widget-color\"><\/span><\/span><\/div>\t\t\t\t<\/div>\n\t\t\t\t<\/div>\n\t\t\t\t<div class=\"elementor-element elementor-element-6c71253 elementor-widget__width-auto elementor-absolute elementor-hidden-tablet elementor-hidden-mobile elementor-invisible elementor-widget elementor-widget-edublink-animation\" data-id=\"6c71253\" data-element_type=\"widget\" data-e-type=\"widget\" data-settings=\"{&quot;_position&quot;:&quot;absolute&quot;,&quot;_animation&quot;:&quot;fadeIn&quot;,&quot;_animation_delay&quot;:1000}\" data-widget_type=\"edublink-animation.default\">\n\t\t\t\t<div class=\"elementor-widget-container\">\n\t\t\t\t\t<div class=\"edublink-animation-widget edublink-animation-display-type-mouse-track edublink-animation-content-type-color edublink-mouse-track-item\"><span data-depth=\"-2\"><span class=\"edublink-animation-widget-color\"><\/span><\/span><\/div>\t\t\t\t<\/div>\n\t\t\t\t<\/div>\n\t\t\t\t<div class=\"elementor-element elementor-element-ce870bc elementor-invisible elementor-widget elementor-widget-image\" data-id=\"ce870bc\" data-element_type=\"widget\" data-e-type=\"widget\" data-settings=\"{&quot;_animation&quot;:&quot;edublink--slide-left&quot;,&quot;_animation_delay&quot;:500}\" data-widget_type=\"image.default\">\n\t\t\t\t<div class=\"elementor-widget-container\">\n\t\t\t\t\t\t\t\t\t\t\t\t\t\t\t<img decoding=\"async\" src=\"https:\/\/k4-engineering.net\/wp-content\/uploads\/elementor\/thumbs\/Asset-1@2x-qr2vd5px3eesdjkseieglydclg0foh2jh6zdicdsx8.png\" title=\"Asset 1@2x\" alt=\"Asset 1@2x\" loading=\"lazy\" \/>\t\t\t\t\t\t\t\t\t\t\t\t\t\t\t<\/div>\n\t\t\t\t<\/div>\n\t\t\t\t\t<\/div>\n\t\t<\/div>\n\t\t\t\t\t<\/div>\n\t\t<\/section>\n\t\t\t\t\t<\/div>\n\t\t<\/div>\n\t\t\t\t\t<\/div>\n\t\t<\/section>\n\t\t\t\t<section class=\"elementor-section elementor-top-section elementor-element elementor-element-605da34 elementor-section-boxed elementor-section-height-default elementor-section-height-default\" data-id=\"605da34\" data-element_type=\"section\" data-e-type=\"section\">\n\t\t\t\t\t\t<div class=\"elementor-container elementor-column-gap-extended\">\n\t\t\t\t\t<div class=\"elementor-column elementor-col-33 elementor-top-column elementor-element elementor-element-ea809cd\" data-id=\"ea809cd\" data-element_type=\"column\" data-e-type=\"column\">\n\t\t\t<div class=\"elementor-widget-wrap elementor-element-populated\">\n\t\t\t\t\t\t<div class=\"elementor-element elementor-element-7e193de elementor-invisible elementor-widget elementor-widget-edublink-features\" data-id=\"7e193de\" data-element_type=\"widget\" data-e-type=\"widget\" data-settings=\"{&quot;_animation&quot;:&quot;edublink--slide-up&quot;,&quot;_animation_delay&quot;:50}\" data-widget_type=\"edublink-features.default\">\n\t\t\t\t<div class=\"elementor-widget-container\">\n\t\t\t\t\t<div class=\"edublink-feature-5-widget\"><div class=\"edublink-feature-item\"><div class=\"icon\"><i aria-hidden=\"true\" class=\"edublink icon-81\"><\/i><\/div><div class=\"content\"><h4 class=\"title\">Umfassende Dienstleistungen<\/h4><p class=\"description\">Wir bieten Vor-Ort-Bewertungen, ma\u00dfgeschneiderte 3D-L\u00f6sungen, Spannungsanalysen, pr\u00e4zise 2D-Zeichnungen, hochwertige Renderings und Verbindungen zu Drittanbieter-Fertigungen.<\/p><\/div><\/div><\/div>\t\t\t\t<\/div>\n\t\t\t\t<\/div>\n\t\t\t\t\t<\/div>\n\t\t<\/div>\n\t\t\t\t<div class=\"elementor-column elementor-col-33 elementor-top-column elementor-element elementor-element-e2d9c6e\" data-id=\"e2d9c6e\" data-element_type=\"column\" data-e-type=\"column\">\n\t\t\t<div class=\"elementor-widget-wrap elementor-element-populated\">\n\t\t\t\t\t\t<div class=\"elementor-element elementor-element-b32c305 elementor-invisible elementor-widget elementor-widget-edublink-features\" data-id=\"b32c305\" data-element_type=\"widget\" data-e-type=\"widget\" data-settings=\"{&quot;_animation&quot;:&quot;edublink--slide-up&quot;,&quot;_animation_delay&quot;:100}\" data-widget_type=\"edublink-features.default\">\n\t\t\t\t<div class=\"elementor-widget-container\">\n\t\t\t\t\t<div class=\"edublink-feature-5-widget\"><div class=\"edublink-feature-item\"><div class=\"icon\"><svg aria-hidden=\"true\" class=\"e-font-icon-svg e-fas-globe-africa\" viewbox=\"0 0 496 512\" xmlns=\"http:\/\/www.w3.org\/2000\/svg\"><path d=\"M248 8C111.03 8 0 119.03 0 256s111.03 248 248 248 248-111.03 248-248S384.97 8 248 8zm160 215.5v6.93c0 5.87-3.32 11.24-8.57 13.86l-15.39 7.7a15.485 15.485 0 0 1-15.53-.97l-18.21-12.14a15.52 15.52 0 0 0-13.5-1.81l-2.65.88c-9.7 3.23-13.66 14.79-7.99 23.3l13.24 19.86c2.87 4.31 7.71 6.9 12.89 6.9h8.21c8.56 0 15.5 6.94 15.5 15.5v11.34c0 3.35-1.09 6.62-3.1 9.3l-18.74 24.98c-1.42 1.9-2.39 4.1-2.83 6.43l-4.3 22.83c-.62 3.29-2.29 6.29-4.76 8.56a159.608 159.608 0 0 0-25 29.16l-13.03 19.55a27.756 27.756 0 0 1-23.09 12.36c-10.51 0-20.12-5.94-24.82-15.34a78.902 78.902 0 0 1-8.33-35.29V367.5c0-8.56-6.94-15.5-15.5-15.5h-25.88c-14.49 0-28.38-5.76-38.63-16a54.659 54.659 0 0 1-16-38.63v-14.06c0-17.19 8.1-33.38 21.85-43.7l27.58-20.69a54.663 54.663 0 0 1 32.78-10.93h.89c8.48 0 16.85 1.97 24.43 5.77l14.72 7.36c3.68 1.84 7.93 2.14 11.83.84l47.31-15.77c6.33-2.11 10.6-8.03 10.6-14.7 0-8.56-6.94-15.5-15.5-15.5h-10.09c-4.11 0-8.05-1.63-10.96-4.54l-6.92-6.92a15.493 15.493 0 0 0-10.96-4.54H199.5c-8.56 0-15.5-6.94-15.5-15.5v-4.4c0-7.11 4.84-13.31 11.74-15.04l14.45-3.61c3.74-.94 7-3.23 9.14-6.44l8.08-12.11c2.87-4.31 7.71-6.9 12.89-6.9h24.21c8.56 0 15.5-6.94 15.5-15.5v-21.7C359.23 71.63 422.86 131.02 441.93 208H423.5c-8.56 0-15.5 6.94-15.5 15.5z\"><\/path><\/svg><\/div><div class=\"content\"><h4 class=\"title\">Engagement f\u00fcr Exzellenz<\/h4><p class=\"description\">Durch die Kombination lokaler Expertise in Bayern mit globalen Ingenieurstandards gew\u00e4hrleisten wir Pr\u00e4zision, Innovation und Kundenzufriedenheit.<\/p><\/div><\/div><\/div>\t\t\t\t<\/div>\n\t\t\t\t<\/div>\n\t\t\t\t\t<\/div>\n\t\t<\/div>\n\t\t\t\t<div class=\"elementor-column elementor-col-33 elementor-top-column elementor-element elementor-element-8acfa9b\" data-id=\"8acfa9b\" data-element_type=\"column\" data-e-type=\"column\">\n\t\t\t<div class=\"elementor-widget-wrap elementor-element-populated\">\n\t\t\t\t\t\t<div class=\"elementor-element elementor-element-0ce28c6 elementor-invisible elementor-widget elementor-widget-edublink-features\" data-id=\"0ce28c6\" data-element_type=\"widget\" data-e-type=\"widget\" data-settings=\"{&quot;_animation&quot;:&quot;edublink--slide-up&quot;,&quot;_animation_delay&quot;:150}\" data-widget_type=\"edublink-features.default\">\n\t\t\t\t<div class=\"elementor-widget-container\">\n\t\t\t\t\t<div class=\"edublink-feature-5-widget\"><div class=\"edublink-feature-item\"><div class=\"icon\"><svg aria-hidden=\"true\" class=\"e-font-icon-svg e-fas-comments\" viewbox=\"0 0 576 512\" xmlns=\"http:\/\/www.w3.org\/2000\/svg\"><path d=\"M416 192c0-88.4-93.1-160-208-160S0 103.6 0 192c0 34.3 14.1 65.9 38 92-13.4 30.2-35.5 54.2-35.8 54.5-2.2 2.3-2.8 5.7-1.5 8.7S4.8 352 8 352c36.6 0 66.9-12.3 88.7-25 32.2 15.7 70.3 25 111.3 25 114.9 0 208-71.6 208-160zm122 220c23.9-26 38-57.7 38-92 0-66.9-53.5-124.2-129.3-148.1.9 6.6 1.3 13.3 1.3 20.1 0 105.9-107.7 192-240 192-10.8 0-21.3-.8-31.7-1.9C207.8 439.6 281.8 480 368 480c41 0 79.1-9.2 111.3-25 21.8 12.7 52.1 25 88.7 25 3.2 0 6.1-1.9 7.3-4.8 1.3-2.9.7-6.3-1.5-8.7-.3-.3-22.4-24.2-35.8-54.5z\"><\/path><\/svg><\/div><div class=\"content\"><h4 class=\"title\">Kundenorientierter Ansatz<\/h4><p class=\"description\">Wir legen Wert auf klare Kommunikation und Zusammenarbeit, um Ihre Ideen in ingenieurtechnische Exzellenz zu verwandeln. Kontaktieren Sie uns noch heute.<\/p><\/div><\/div><\/div>\t\t\t\t<\/div>\n\t\t\t\t<\/div>\n\t\t\t\t\t<\/div>\n\t\t<\/div>\n\t\t\t\t\t<\/div>\n\t\t<\/section>\n\t\t\t\t<section class=\"elementor-section elementor-top-section elementor-element elementor-element-3646c62 elementor-section-boxed elementor-section-height-default elementor-section-height-default\" data-id=\"3646c62\" data-element_type=\"section\" data-e-type=\"section\">\n\t\t\t\t\t\t<div class=\"elementor-container elementor-column-gap-extended\">\n\t\t\t\t\t<div class=\"elementor-column elementor-col-100 elementor-top-column elementor-element elementor-element-eb60e1d elementor-invisible\" data-id=\"eb60e1d\" data-element_type=\"column\" data-e-type=\"column\" data-settings=\"{&quot;animation&quot;:&quot;edublink--slide-up&quot;,&quot;animation_delay&quot;:50}\">\n\t\t\t<div class=\"elementor-widget-wrap elementor-element-populated\">\n\t\t\t\t\t\t<section class=\"elementor-section elementor-inner-section elementor-element elementor-element-95361a9 elementor-section-boxed elementor-section-height-default elementor-section-height-default elementor-invisible\" data-id=\"95361a9\" data-element_type=\"section\" data-e-type=\"section\" data-settings=\"{&quot;animation&quot;:&quot;edublink--slide-up&quot;,&quot;animation_delay&quot;:150}\">\n\t\t\t\t\t\t\t<div class=\"elementor-background-overlay\"><\/div>\n\t\t\t\t\t\t\t<div class=\"elementor-container elementor-column-gap-default\">\n\t\t\t\t\t<div class=\"elementor-column elementor-col-100 elementor-inner-column elementor-element elementor-element-250e8eb\" data-id=\"250e8eb\" data-element_type=\"column\" data-e-type=\"column\">\n\t\t\t<div class=\"elementor-widget-wrap elementor-element-populated\">\n\t\t\t\t\t\t<div class=\"elementor-element elementor-element-7d97c6a elementor-widget__width-auto elementor-absolute elementor-hidden-tablet elementor-hidden-mobile elementor-invisible elementor-widget elementor-widget-edublink-animation\" data-id=\"7d97c6a\" data-element_type=\"widget\" data-e-type=\"widget\" data-settings=\"{&quot;_position&quot;:&quot;absolute&quot;,&quot;_animation&quot;:&quot;fadeIn&quot;,&quot;_animation_delay&quot;:200}\" data-widget_type=\"edublink-animation.default\">\n\t\t\t\t<div class=\"elementor-widget-container\">\n\t\t\t\t\t<div class=\"edublink-animation-widget edublink-animation-display-type-mouse-track edublink-animation-content-type-image edublink-mouse-track-item\"><span data-depth=\"-1.4\"><img decoding=\"async\" src=\"https:\/\/k4-engineering.net\/wp-content\/uploads\/2024\/07\/shape-13-1.png\" alt=\"shape-13\"><\/span><\/div>\t\t\t\t<\/div>\n\t\t\t\t<\/div>\n\t\t\t\t<div class=\"elementor-element elementor-element-a8c9483 edublink-br-m-none elementor-invisible elementor-widget elementor-widget-edublink-heading\" data-id=\"a8c9483\" data-element_type=\"widget\" data-e-type=\"widget\" data-settings=\"{&quot;_animation&quot;:&quot;edublink--slide-up&quot;,&quot;_animation_delay&quot;:150}\" data-widget_type=\"edublink-heading.default\">\n\t\t\t\t<div class=\"elementor-widget-container\">\n\t\t\t\t\t<div class=\"edublink-section-heading\"><h3 class=\"heading\">Maschinenbauabteilung<\/h3><div class=\"title-shape\"><i class=\"icon-19\"><\/i><\/div><\/div>\t\t\t\t<\/div>\n\t\t\t\t<\/div>\n\t\t\t\t\t<\/div>\n\t\t<\/div>\n\t\t\t\t\t<\/div>\n\t\t<\/section>\n\t\t\t\t\t<\/div>\n\t\t<\/div>\n\t\t\t\t\t<\/div>\n\t\t<\/section>\n\t\t\t\t<section class=\"elementor-section elementor-top-section elementor-element elementor-element-3c12ae2 elementor-section-boxed elementor-section-height-default elementor-section-height-default\" data-id=\"3c12ae2\" data-element_type=\"section\" data-e-type=\"section\">\n\t\t\t\t\t\t<div class=\"elementor-container elementor-column-gap-extended\">\n\t\t\t\t\t<div class=\"elementor-column elementor-col-100 elementor-top-column elementor-element elementor-element-5d620f1 elementor-invisible\" data-id=\"5d620f1\" data-element_type=\"column\" data-e-type=\"column\" data-settings=\"{&quot;animation&quot;:&quot;edublink--slide-up&quot;,&quot;animation_delay&quot;:50}\">\n\t\t\t<div class=\"elementor-widget-wrap elementor-element-populated\">\n\t\t\t\t\t\t<div class=\"elementor-element elementor-element-5360b00 elementor-widget elementor-widget-text-editor\" data-id=\"5360b00\" data-element_type=\"widget\" data-e-type=\"widget\" data-widget_type=\"text-editor.default\">\n\t\t\t\t<div class=\"elementor-widget-container\">\n\t\t\t\t\t\t\t\t\t<p><b>Willkommen in unserem Zentrum f\u00fcr Maschinenbau-Design in Bayern, Deutschland<br \/><\/b>Im Herzen Bayerns bietet unser B\u00fcro f\u00fcr Maschinenbau-Design eine breite Palette von Dienstleistungen, die auf Ihre ingenieurtechnischen Bed\u00fcrfnisse zugeschnitten sind. Unser Engagement f\u00fcr Pr\u00e4zision und Innovation hebt uns hervor und stellt sicher, dass Ihre Projekte das h\u00f6chste Ma\u00df an Expertise erhalten.<\/p><p><strong>Unser umfassendes Dienstleistungsangebot:<br \/><\/strong>Vor-Ort-Bewertung und Plattformmessung:\nUm die Feinheiten Ihres Projekts zu verstehen, beginnen wir mit einem praktischen Ansatz. Wir sind in der Lage, Vor-Ort-Bewertungen durchzuf\u00fchren, Ihre Location bei Bedarf zu besuchen und die Plattform zu messen, um ein ganzheitliches Verst\u00e4ndnis Ihrer Anforderungen zu erhalten.<\/p><p><strong>Ma\u00dfgeschneiderte 3D-L\u00f6sungen nach Kundenwunsch:<\/strong> Wir verwandeln Ihre Konzepte in die Realit\u00e4t und spezialisieren uns auf die Gestaltung von 3D-L\u00f6sungen, die perfekt mit Ihrer Vision \u00fcbereinstimmen. Unser Team arbeitet eng mit den Kunden zusammen, um sicherzustellen, dass jedes Detail ihre einzigartigen Vorlieben und W\u00fcnsche widerspiegelt.<\/p><p><strong>Spannungsanalyse f\u00fcr die Projektsicherheit:<\/strong> Sicherheit hat oberste Priorit\u00e4t. Wir wenden fortschrittliche Techniken an, um gr\u00fcndliche Spannungsanalysen durchzuf\u00fchren, damit Ihr Projekt nicht nur den Sicherheitsstandards entspricht, sondern diese \u00fcbertrifft, und Ihnen Sicherheit in jeder Phase bietet.<\/p><p><strong>Pr\u00e4zise 2D-Zeichnungen f\u00fcr die Fertigung:<\/strong> Die Grundlage f\u00fcr eine reibungslose Produktion liegt in unseren pr\u00e4zisen 2D-Zeichnungen. Jedes Detail wird sorgf\u00e4ltig erfasst, um einen nahtlosen \u00dcbergang vom Design zur Fertigung zu gew\u00e4hrleisten.<\/p><p><strong>Hochwertige Rendering-L\u00f6sungen zur Projektverbesserung:<\/strong> Heben Sie Ihr Projekt mit unseren hochwertigen Rendering-L\u00f6sungen hervor. Ob f\u00fcr Pr\u00e4sentationen oder Projektdokumentation, unsere Rendering-Dienste f\u00fcgen eine visuelle Dimension hinzu, die die Gesamtwirkung Ihres Projekts verbessert.<\/p><p><strong>Vermittlung von Drittanbieter-Fertigungsverbindungen:<\/strong> Wir verstehen die Bedeutung eines reibungslosen Fertigungsprozesses. Unser Fachwissen erstreckt sich auf die Vermittlung von Verbindungen zu Drittanbieter-Fertigern, um die effiziente und zuverl\u00e4ssige Produktion Ihrer Designs sicherzustellen.<\/p><p><strong>Warum uns w\u00e4hlen?<\/strong><\/p><p><strong>Lokale Wurzeln, Globale Standards:<\/strong> In Bayern ans\u00e4ssig, kombiniert unser Team lokale Expertise mit globalen Ingenieurstandards und bietet Ihnen einen Service, der sowohl in der Gemeinschaft verwurzelt als auch international benchmarked ist.<\/p><p><strong>Kundenorientierte Philosophie:<\/strong> Ihre Zufriedenheit ist unser Antrieb. W\u00e4hrend des gesamten Projekts legen wir Wert auf klare Kommunikation und Zusammenarbeit, um Ihre Erwartungen zu \u00fcbertreffen und ein nahtloses Erlebnis zu gew\u00e4hrleisten.<\/p><p>Beginnen Sie eine transformative Reise mit unseren Maschinenbau-L\u00f6sungen. <a href=\"https:\/\/k4-engineering.net\/de\/contact-us\/\">Kontaktieren Sie uns<\/a> noch heute, und lassen Sie uns Ihre Ideen in ingenieurtechnische Exzellenz verwandeln.<\/p>\t\t\t\t\t\t\t\t<\/div>\n\t\t\t\t<\/div>\n\t\t\t\t\t<\/div>\n\t\t<\/div>\n\t\t\t\t\t<\/div>\n\t\t<\/section>\n\t\t\t\t<\/div>","protected":false},"excerpt":{"rendered":"<p>Mechanical Department Comprehensive Services We offer on-site evaluations, custom 3D solutions, stress analysis, precise 2D drawings, high-end rendering, and third-party&#8230;<\/p>","protected":false},"author":1,"featured_media":0,"parent":0,"menu_order":0,"comment_status":"closed","ping_status":"closed","template":"","meta":{"nf_dc_page":"","inline_featured_image":false,"footnotes":""},"class_list":["post-20918","page","type-page","status-publish","hentry"],"_links":{"self":[{"href":"https:\/\/k4-engineering.net\/de\/wp-json\/wp\/v2\/pages\/20918","targetHints":{"allow":["GET"]}}],"collection":[{"href":"https:\/\/k4-engineering.net\/de\/wp-json\/wp\/v2\/pages"}],"about":[{"href":"https:\/\/k4-engineering.net\/de\/wp-json\/wp\/v2\/types\/page"}],"author":[{"embeddable":true,"href":"https:\/\/k4-engineering.net\/de\/wp-json\/wp\/v2\/users\/1"}],"replies":[{"embeddable":true,"href":"https:\/\/k4-engineering.net\/de\/wp-json\/wp\/v2\/comments?post=20918"}],"version-history":[{"count":5,"href":"https:\/\/k4-engineering.net\/de\/wp-json\/wp\/v2\/pages\/20918\/revisions"}],"predecessor-version":[{"id":21132,"href":"https:\/\/k4-engineering.net\/de\/wp-json\/wp\/v2\/pages\/20918\/revisions\/21132"}],"wp:attachment":[{"href":"https:\/\/k4-engineering.net\/de\/wp-json\/wp\/v2\/media?parent=20918"}],"curies":[{"name":"wp","href":"https:\/\/api.w.org\/{rel}","templated":true}]}}