{"id":10265,"date":"2023-07-09T10:42:14","date_gmt":"2023-07-09T10:42:14","guid":{"rendered":"https:\/\/devsedu.softatomic.com\/?page_id=10265"},"modified":"2024-08-05T16:47:20","modified_gmt":"2024-08-05T16:47:20","slug":"about-us","status":"publish","type":"page","link":"https:\/\/k4-engineering.net\/de\/about-us\/","title":{"rendered":"\u00dcber uns"},"content":{"rendered":"<div data-elementor-type=\"wp-page\" data-elementor-id=\"10265\" class=\"elementor elementor-10265\">\n\t\t\t\t\t\t<section class=\"elementor-section elementor-top-section elementor-element elementor-element-3c909f2 elementor-section-boxed elementor-section-height-default elementor-section-height-default\" data-id=\"3c909f2\" data-element_type=\"section\" data-e-type=\"section\">\n\t\t\t\t\t\t<div class=\"elementor-container elementor-column-gap-extended\">\n\t\t\t\t\t<div class=\"elementor-column elementor-col-50 elementor-top-column elementor-element elementor-element-b3b3431\" data-id=\"b3b3431\" data-element_type=\"column\" data-e-type=\"column\">\n\t\t\t<div class=\"elementor-widget-wrap elementor-element-populated\">\n\t\t\t\t\t\t<div class=\"elementor-element elementor-element-88d8532 elementor-widget__width-auto elementor-absolute elementor-hidden-tablet elementor-hidden-mobile elementor-invisible elementor-widget elementor-widget-edublink-animation\" data-id=\"88d8532\" data-element_type=\"widget\" data-e-type=\"widget\" data-settings=\"{&quot;_position&quot;:&quot;absolute&quot;,&quot;_animation&quot;:&quot;fadeIn&quot;,&quot;_animation_delay&quot;:500}\" data-widget_type=\"edublink-animation.default\">\n\t\t\t\t<div class=\"elementor-widget-container\">\n\t\t\t\t\t<div class=\"edublink-animation-widget edublink-animation-display-type-mouse-track edublink-animation-content-type-color edublink-mouse-track-item\"><span data-depth=\"0\"><span class=\"edublink-animation-widget-color\"><\/span><\/span><\/div>\t\t\t\t<\/div>\n\t\t\t\t<\/div>\n\t\t\t\t<div class=\"elementor-element elementor-element-b929011 elementor-widget__width-initial elementor-invisible elementor-widget elementor-widget-edublink-heading\" data-id=\"b929011\" data-element_type=\"widget\" data-e-type=\"widget\" data-settings=\"{&quot;_animation&quot;:&quot;edublink--slide-up&quot;,&quot;_animation_delay&quot;:150}\" data-widget_type=\"edublink-heading.default\">\n\t\t\t\t<div class=\"elementor-widget-container\">\n\t\t\t\t\t<div class=\"edublink-section-heading\"><h3 class=\"heading\">\u00dcber uns<\/h3><div class=\"title-shape\"><i class=\"icon-19\"><\/i><\/div><div class=\"sub-heading\"><p><strong>Willkommen bei K4 Engineering<\/strong><\/p><p>Gegr\u00fcndet im Jahr 2024, ist K4 Engineering Ihre erste Adresse f\u00fcr zukunftsweisende L\u00f6sungen im Maschinenbau und in der Webentwicklung. Im Herzen Bayerns gelegen, setzt sich unser Unternehmen daf\u00fcr ein, die Grenzen der Innovation zu erweitern und gleichzeitig einen starken, kundenorientierten Ansatz zu verfolgen.<\/p><p><strong>Unsere Expertise<\/strong><\/p><p><strong>Maschinenbau<\/strong> Unsere Maschinenbau-Abteilung ist bekannt f\u00fcr ihre Pr\u00e4zision und umfassenden Serviceangebote. Wir bieten detaillierte Vor-Ort-Bewertungen, ma\u00dfgeschneiderte 3D-L\u00f6sungen, gr\u00fcndliche Spannungsanalysen und pr\u00e4zise 2D-Zeichnungen. Unsere hochwertigen Renderings erwecken Ihre Projekte zum Leben, w\u00e4hrend unsere Verbindungen zu zuverl\u00e4ssigen Fertigungspartnern eine nahtlose Produktion gew\u00e4hrleisten. Ob Sie ein neues Bauteil entwerfen oder ein bestehendes System optimieren m\u00f6chten, unsere Expertise ist Ihr Vorteil.<\/p><p><strong>Webentwicklung:<\/strong> Im digitalen Bereich \u00fcberzeugt K4 Engineering durch die Schaffung wirkungsvoller Online-Pr\u00e4senzen. Unsere Webentwicklungsdienste umfassen individuelles Webdesign, robuste E-Commerce-L\u00f6sungen, responsives Design und professionelle SEO-Optimierung. Wir konzentrieren uns auf ma\u00dfgeschneiderte L\u00f6sungen, die nicht nur Ihre gesch\u00e4ftlichen Bed\u00fcrfnisse erf\u00fcllen, sondern auch die Benutzererfahrung verbessern und Wachstum f\u00f6rdern.<\/p><p><strong>Unsere Philosophie<\/strong><\/p><p>Bei K4 Engineering leben wir nach unserem Slogan: <strong>SCHNELL HOCH ERSCHWINGLICHE QUALIT\u00c4T<\/strong> Wir kombinieren technische Exzellenz mit einem tiefen Verst\u00e4ndnis f\u00fcr die Bed\u00fcrfnisse unserer Kunden, um innovative L\u00f6sungen zu liefern, die praktisch und zukunftsorientiert sind. Wir legen gro\u00dfen Wert auf klare Kommunikation, Zusammenarbeit und eine unerm\u00fcdliche Verfolgung von Qualit\u00e4t.<\/p><p><strong>Warum Sie uns w\u00e4hlen sollten?<\/strong><\/p><p>Innovative L\u00f6sungen: Wir bleiben an der Spitze der Branchentrends, um Ihnen die neuesten Entwicklungen im Maschinenbau und in der Webentwicklung zu bieten.<br \/>Kundenorientierter Ansatz: Ihre Ziele sind unsere Priorit\u00e4t. Wir arbeiten eng mit Ihnen zusammen, um sicherzustellen, dass unsere L\u00f6sungen perfekt mit Ihrer Vision \u00fcbereinstimmen.<br \/>Lokale Expertise, Globale Standards: In Bayern ans\u00e4ssig, aber mit globaler Reichweite, kombinieren wir lokales Wissen mit internationalen Best Practices.<br \/>Engagiertes Team: Unsere erfahrenen Fachleute sind leidenschaftlich in ihrem Bereich t\u00e4tig und engagiert, in jedem Projekt Exzellenz zu erreichen.<br \/>Begleiten Sie uns auf Ihrem Weg<\/p><p>Entdecken Sie die Zukunft des Maschinenbaus und der Webentwicklung mit K4 Engineering. Lassen Sie uns Ihre Ideen in die Realit\u00e4t umsetzen und Ihre Projekte auf ein neues Niveau heben. Kontaktieren Sie uns noch heute, um mehr dar\u00fcber zu erfahren, wie wir Ihnen helfen k\u00f6nnen, Ihre Ziele zu erreichen<\/p><\/div><\/div>\t\t\t\t<\/div>\n\t\t\t\t<\/div>\n\t\t\t\t\t<\/div>\n\t\t<\/div>\n\t\t\t\t<div class=\"elementor-column elementor-col-50 elementor-top-column elementor-element elementor-element-fcb0e38 elementor-invisible\" data-id=\"fcb0e38\" data-element_type=\"column\" data-e-type=\"column\" data-settings=\"{&quot;animation&quot;:&quot;slide-left&quot;,&quot;animation_delay&quot;:50}\">\n\t\t\t<div class=\"elementor-widget-wrap elementor-element-populated\">\n\t\t\t\t\t\t<div class=\"elementor-element elementor-element-bc031b3 elementor-widget__width-auto elementor-absolute elementor-hidden-tablet elementor-hidden-mobile elementor-invisible elementor-widget elementor-widget-edublink-animation\" data-id=\"bc031b3\" data-element_type=\"widget\" data-e-type=\"widget\" data-settings=\"{&quot;_position&quot;:&quot;absolute&quot;,&quot;_animation&quot;:&quot;fadeIn&quot;,&quot;_animation_delay&quot;:500}\" data-widget_type=\"edublink-animation.default\">\n\t\t\t\t<div class=\"elementor-widget-container\">\n\t\t\t\t\t<div class=\"edublink-animation-widget edublink-animation-display-type-mouse-track edublink-animation-content-type-image edublink-mouse-track-item\"><span data-depth=\"2\"><img decoding=\"async\" src=\"https:\/\/k4-engineering.net\/wp-content\/uploads\/2023\/05\/shape-38.png\" alt=\"About Shape 4\"><\/span><\/div>\t\t\t\t<\/div>\n\t\t\t\t<\/div>\n\t\t\t\t<div class=\"elementor-element elementor-element-129a5c1 elementor-widget__width-auto elementor-absolute elementor-hidden-tablet elementor-hidden-mobile elementor-invisible elementor-widget elementor-widget-edublink-animation\" data-id=\"129a5c1\" data-element_type=\"widget\" data-e-type=\"widget\" data-settings=\"{&quot;_position&quot;:&quot;absolute&quot;,&quot;_animation&quot;:&quot;fadeIn&quot;,&quot;_animation_delay&quot;:500}\" data-widget_type=\"edublink-animation.default\">\n\t\t\t\t<div class=\"elementor-widget-container\">\n\t\t\t\t\t<div class=\"edublink-animation-widget edublink-animation-display-type-mouse-track edublink-animation-content-type-image edublink-mouse-track-item\"><span data-depth=\"-2\"><img decoding=\"async\" src=\"https:\/\/k4-engineering.net\/wp-content\/uploads\/2024\/07\/shape-13-1.png\" alt=\"shape-13\"><\/span><\/div>\t\t\t\t<\/div>\n\t\t\t\t<\/div>\n\t\t\t\t<div class=\"elementor-element elementor-element-4c5d631 elementor-invisible elementor-widget elementor-widget-image\" data-id=\"4c5d631\" data-element_type=\"widget\" data-e-type=\"widget\" data-settings=\"{&quot;_animation&quot;:&quot;slide-down&quot;,&quot;_animation_delay&quot;:50}\" data-widget_type=\"image.default\">\n\t\t\t\t<div class=\"elementor-widget-container\">\n\t\t\t\t\t\t\t\t\t\t\t\t\t\t\t<img fetchpriority=\"high\" decoding=\"async\" width=\"2560\" height=\"1654\" src=\"https:\/\/k4-engineering.net\/wp-content\/uploads\/2024\/07\/about-us-information-service-sharing-join-concept1-scaled.jpg\" class=\"attachment-full size-full wp-image-20697\" alt=\"\" srcset=\"https:\/\/k4-engineering.net\/wp-content\/uploads\/2024\/07\/about-us-information-service-sharing-join-concept1-scaled.jpg 2560w, https:\/\/k4-engineering.net\/wp-content\/uploads\/2024\/07\/about-us-information-service-sharing-join-concept1-300x194.jpg 300w, https:\/\/k4-engineering.net\/wp-content\/uploads\/2024\/07\/about-us-information-service-sharing-join-concept1-1024x662.jpg 1024w, https:\/\/k4-engineering.net\/wp-content\/uploads\/2024\/07\/about-us-information-service-sharing-join-concept1-768x496.jpg 768w, https:\/\/k4-engineering.net\/wp-content\/uploads\/2024\/07\/about-us-information-service-sharing-join-concept1-1536x992.jpg 1536w\" sizes=\"(max-width: 2560px) 100vw, 2560px\" \/>\t\t\t\t\t\t\t\t\t\t\t\t\t\t\t<\/div>\n\t\t\t\t<\/div>\n\t\t\t\t\t<\/div>\n\t\t<\/div>\n\t\t\t\t\t<\/div>\n\t\t<\/section>\n\t\t\t\t<section class=\"elementor-section elementor-top-section elementor-element elementor-element-5c3c37a elementor-section-boxed elementor-section-height-default elementor-section-height-default\" data-id=\"5c3c37a\" data-element_type=\"section\" data-e-type=\"section\">\n\t\t\t\t\t\t<div class=\"elementor-container elementor-column-gap-extended\">\n\t\t\t\t\t<div class=\"elementor-column elementor-col-50 elementor-top-column elementor-element elementor-element-a0c321c elementor-invisible\" data-id=\"a0c321c\" data-element_type=\"column\" data-e-type=\"column\" data-settings=\"{&quot;animation&quot;:&quot;edublink--slide-up&quot;,&quot;animation_delay&quot;:150}\">\n\t\t\t<div class=\"elementor-widget-wrap elementor-element-populated\">\n\t\t\t\t\t\t<div class=\"elementor-element elementor-element-50ae4b5 elementor-widget elementor-widget-edublink-heading\" data-id=\"50ae4b5\" data-element_type=\"widget\" data-e-type=\"widget\" data-widget_type=\"edublink-heading.default\">\n\t\t\t\t<div class=\"elementor-widget-container\">\n\t\t\t\t\t<div class=\"edublink-section-heading\"><span class=\"pre-heading\">REFERENZEN<\/span><h3 class=\"heading\">Was unsere Kunden sagen<\/h3><div class=\"title-shape\"><i class=\"icon-19\"><\/i><\/div><\/div>\t\t\t\t<\/div>\n\t\t\t\t<\/div>\n\t\t\t\t\t<\/div>\n\t\t<\/div>\n\t\t\t\t<div class=\"elementor-column elementor-col-50 elementor-top-column elementor-element elementor-element-36007bb\" data-id=\"36007bb\" data-element_type=\"column\" data-e-type=\"column\">\n\t\t\t<div class=\"elementor-widget-wrap elementor-element-populated\">\n\t\t\t\t\t\t<div class=\"elementor-element elementor-element-e6de299 elementor-widget elementor-widget-edublink-testimonial\" data-id=\"e6de299\" data-element_type=\"widget\" data-e-type=\"widget\" data-widget_type=\"edublink-testimonial.default\">\n\t\t\t\t<div class=\"elementor-widget-container\">\n\t\t\t\t\t<div class=\"eb-testimonial-wrapper eb-testimonial-wrapper-style-2\"><div class=\"eb-testimonial eb-testimonial-style-2 swiper swiper-container swiper-container-initialized\"><div class=\"swiper-wrapper\" data-autoplay=\"true\" data-autoplayspeed=\"0\"><div class=\"swiper-slide\"><div class=\"eb-testimonial-item elementor-repeater-item-76ca1dd\"><div class=\"eb-testimonial-grid\"><div class=\"thumbnail\"><img decoding=\"async\" src=\"https:\/\/k4-engineering.net\/wp-content\/uploads\/2024\/08\/imoran_cost_engineering_unternehmensberatung_kostenoptimierung_strategie_logo-150x150.png\" class=\"testimonial-author-avatar\" alt=\"imoran_cost_engineering_unternehmensberatung_kostenoptimierung_strategie_logo\"><span class=\"qoute-icon\"><i class=\"icon-26\"><\/i><\/span><\/div><div class=\"content\"><div class=\"rating-icon\"><i class=\"icon-23\"><\/i><i class=\"icon-23\"><\/i><i class=\"icon-23\"><\/i><i class=\"icon-23\"><\/i><i class=\"icon-23\"><\/i><\/div><h5 class=\"title\">Imoran Cost Engineering<\/h5><span class=\"subtitle\">Business Consulting and Services | Brandenburg<\/span><\/div><\/div><\/div><\/div><\/div><div class=\"swiper-pagination\"><\/div><\/div><\/div>\t\t\t\t<\/div>\n\t\t\t\t<\/div>\n\t\t\t\t\t<\/div>\n\t\t<\/div>\n\t\t\t\t\t<\/div>\n\t\t<\/section>\n\t\t\t\t<\/div>","protected":false},"excerpt":{"rendered":"<p>About Us Welcome to K4 Engineering Founded in 2024, K4 Engineering is your premier destination for cutting-edge solutions in mechanical&#8230;<\/p>","protected":false},"author":1,"featured_media":0,"parent":0,"menu_order":0,"comment_status":"closed","ping_status":"closed","template":"","meta":{"nf_dc_page":"","inline_featured_image":false,"footnotes":""},"class_list":["post-10265","page","type-page","status-publish","hentry"],"_links":{"self":[{"href":"https:\/\/k4-engineering.net\/de\/wp-json\/wp\/v2\/pages\/10265","targetHints":{"allow":["GET"]}}],"collection":[{"href":"https:\/\/k4-engineering.net\/de\/wp-json\/wp\/v2\/pages"}],"about":[{"href":"https:\/\/k4-engineering.net\/de\/wp-json\/wp\/v2\/types\/page"}],"author":[{"embeddable":true,"href":"https:\/\/k4-engineering.net\/de\/wp-json\/wp\/v2\/users\/1"}],"replies":[{"embeddable":true,"href":"https:\/\/k4-engineering.net\/de\/wp-json\/wp\/v2\/comments?post=10265"}],"version-history":[{"count":5,"href":"https:\/\/k4-engineering.net\/de\/wp-json\/wp\/v2\/pages\/10265\/revisions"}],"predecessor-version":[{"id":21078,"href":"https:\/\/k4-engineering.net\/de\/wp-json\/wp\/v2\/pages\/10265\/revisions\/21078"}],"wp:attachment":[{"href":"https:\/\/k4-engineering.net\/de\/wp-json\/wp\/v2\/media?parent=10265"}],"curies":[{"name":"wp","href":"https:\/\/api.w.org\/{rel}","templated":true}]}}